{"id":2132,"date":"2023-09-04T11:38:36","date_gmt":"2023-09-04T11:38:36","guid":{"rendered":"https:\/\/secop.org.br\/2024\/?page_id=2132"},"modified":"2024-08-11T00:34:32","modified_gmt":"2024-08-11T00:34:32","slug":"login-2","status":"publish","type":"page","link":"https:\/\/secop.org.br\/2024\/login-2\/","title":{"rendered":"Inscri\u00e7\u00e3o"},"content":{"rendered":"\t\t<div data-elementor-type=\"wp-page\" data-elementor-id=\"2132\" class=\"elementor elementor-2132\" data-elementor-post-type=\"page\">\n\t\t\t\t<div class=\"elementor-element elementor-element-f908544 e-flex e-con-boxed e-con e-parent\" data-id=\"f908544\" data-element_type=\"container\" data-settings=\"{&quot;background_background&quot;:&quot;classic&quot;}\">\n\t\t\t\t\t<div class=\"e-con-inner\">\n\t\t\t\t<div class=\"elementor-element elementor-element-1b3f016 elementor-invisible elementor-widget elementor-widget-heading\" data-id=\"1b3f016\" data-element_type=\"widget\" data-settings=\"{&quot;_animation&quot;:&quot;fadeIn&quot;,&quot;_animation_delay&quot;:250}\" data-widget_type=\"heading.default\">\n\t\t\t\t<div class=\"elementor-widget-container\">\n\t\t\t\t\t<h2 class=\"elementor-heading-title elementor-size-default\">Inscri\u00e7\u00e3o de Congressistas<\/h2>\t\t\t\t<\/div>\n\t\t\t\t<\/div>\n\t\t\t\t<div class=\"elementor-element elementor-element-e846a14 elementor-widget-divider--view-line elementor-invisible elementor-widget elementor-widget-divider\" data-id=\"e846a14\" data-element_type=\"widget\" data-settings=\"{&quot;_animation&quot;:&quot;bounceInLeft&quot;,&quot;_animation_delay&quot;:1250}\" data-widget_type=\"divider.default\">\n\t\t\t\t<div class=\"elementor-widget-container\">\n\t\t\t\t\t\t\t<div class=\"elementor-divider\">\n\t\t\t<span class=\"elementor-divider-separator\">\n\t\t\t\t\t\t<\/span>\n\t\t<\/div>\n\t\t\t\t\t\t<\/div>\n\t\t\t\t<\/div>\n\t\t\t\t\t<\/div>\n\t\t\t\t<\/div>\n\t\t<div class=\"elementor-element elementor-element-4a41f87 e-flex e-con-boxed e-con e-parent\" data-id=\"4a41f87\" data-element_type=\"container\">\n\t\t\t\t\t<div class=\"e-con-inner\">\n\t\t\t\t<div class=\"elementor-element elementor-element-081a61d elementor-widget elementor-widget-zeus-content-protection\" data-id=\"081a61d\" data-element_type=\"widget\" data-widget_type=\"zeus-content-protection.default\">\n\t\t\t\t<div class=\"elementor-widget-container\">\n\t\t\t\t\t\t\t\t\t\t<div class=\"zeus-cp\">\n\t\t\t\t\t\t\n\t\t\t\t\t\t\t<div class=\"zeus-cp-icon\">\n\t\t\t\t\t\t\t\t<i aria-hidden=\"true\" class=\"fas fa-lock\"><\/i>\t\t\t\t\t\t\t<\/div>\n\t\t\t\t\t\t\t\n\t\t\t\t\t\t\t\t<div class=\"zeus-cp-message\">\n\t\t\t\t\t\t\t<div class=\"zeus-cp-message-text\"><p><strong>A Inscri\u00e7\u00e3o \u00e9 gratuita e destinada exclusivamente a servidores p\u00fablicos, autoridades, convidados e patrocinadores<\/strong>. Caso se enquadre em uma das categorias mencionadas e n\u00e3o tenha recebido o c\u00f3digo de inscri\u00e7\u00e3o, entre em contato conosco pelo seguinte endere\u00e7o: <span style=\"color: #ff0000;\"><a style=\"color: #ff0000;\" href=\"mailto:secop@abep-tic.org.br\">secop@abep-tic.org.br<\/a><\/span><\/p><p><strong><span style=\"color: #ff0000;\">Encerrado!\u00a0<\/span><\/strong><\/p><\/div>\n\t\t\t\t\t\t<\/div>\n\t\t\n\t\t\t\t\t\t<div class=\"zeus-cp-form\">\n\t\t\t\t\t\t\t<form method=\"post\">\n\t\t\t\t\t\t\t\t<input type=\"password\" name=\"password_081a61d\" class=\"zeus-password\" placeholder=\"Insira o c\u00f3digo de inscri\u00e7\u00e3o\">\n\t\t\t\t\t\t\t\t<input type=\"hidden\" name=\"nonce_081a61d\" value=\"24541b0673\" >\n\t\t\t\t\t\t\t\t<input type=\"submit\" value=\"enviar\" class=\"zeus-submit\">\n\t\t\t\t\t\t\t<\/form>\n\n\t\t\t\t\t\t\t\n\t\t\t\t\t\t<\/div>\n\n\t\t\t\t\t<\/div>\n\t\t\t\t\t\t\t\t\t<\/div>\n\t\t\t\t<\/div>\n\t\t\t\t\t<\/div>\n\t\t\t\t<\/div>\n\t\t\t\t<\/div>\n\t\t","protected":false},"excerpt":{"rendered":"<p>Inscri\u00e7\u00e3o de Congressistas A Inscri\u00e7\u00e3o \u00e9 gratuita e destinada exclusivamente a servidores p\u00fablicos, autoridades, convidados e patrocinadores. Caso se enquadre em uma das categorias mencionadas e n\u00e3o tenha recebido o&#8230;<\/p>\n","protected":false},"author":34,"featured_media":0,"parent":0,"menu_order":0,"comment_status":"closed","ping_status":"closed","template":"elementor_theme","meta":{"_eb_attr":"","footnotes":""},"class_list":["post-2132","page","type-page","status-publish","hentry"],"_links":{"self":[{"href":"https:\/\/secop.org.br\/2024\/wp-json\/wp\/v2\/pages\/2132","targetHints":{"allow":["GET"]}}],"collection":[{"href":"https:\/\/secop.org.br\/2024\/wp-json\/wp\/v2\/pages"}],"about":[{"href":"https:\/\/secop.org.br\/2024\/wp-json\/wp\/v2\/types\/page"}],"author":[{"embeddable":true,"href":"https:\/\/secop.org.br\/2024\/wp-json\/wp\/v2\/users\/34"}],"replies":[{"embeddable":true,"href":"https:\/\/secop.org.br\/2024\/wp-json\/wp\/v2\/comments?post=2132"}],"version-history":[{"count":87,"href":"https:\/\/secop.org.br\/2024\/wp-json\/wp\/v2\/pages\/2132\/revisions"}],"predecessor-version":[{"id":3116,"href":"https:\/\/secop.org.br\/2024\/wp-json\/wp\/v2\/pages\/2132\/revisions\/3116"}],"wp:attachment":[{"href":"https:\/\/secop.org.br\/2024\/wp-json\/wp\/v2\/media?parent=2132"}],"curies":[{"name":"wp","href":"https:\/\/api.w.org\/{rel}","templated":true}]}}