{"id":573,"date":"2023-06-20T16:55:58","date_gmt":"2023-06-20T16:55:58","guid":{"rendered":"https:\/\/secop.org.br\/2024\/?page_id=573"},"modified":"2024-08-23T17:47:35","modified_gmt":"2024-08-23T17:47:35","slug":"programacao-secop","status":"publish","type":"page","link":"https:\/\/secop.org.br\/2024\/programacao-secop\/","title":{"rendered":"Programa\u00e7\u00e3o"},"content":{"rendered":"\t\t<div data-elementor-type=\"wp-page\" data-elementor-id=\"573\" class=\"elementor elementor-573\" data-elementor-post-type=\"page\">\n\t\t\t\t<div class=\"elementor-element elementor-element-9f37f3a e-flex e-con-boxed e-con e-parent\" data-id=\"9f37f3a\" data-element_type=\"container\" data-settings=\"{&quot;background_background&quot;:&quot;classic&quot;}\">\n\t\t\t\t\t<div class=\"e-con-inner\">\n\t\t\t\t<div class=\"elementor-element elementor-element-6bfb2c2 elementor-invisible elementor-widget elementor-widget-heading\" data-id=\"6bfb2c2\" data-element_type=\"widget\" data-settings=\"{&quot;_animation&quot;:&quot;fadeIn&quot;,&quot;_animation_delay&quot;:250}\" data-widget_type=\"heading.default\">\n\t\t\t\t<div class=\"elementor-widget-container\">\n\t\t\t\t\t<h2 class=\"elementor-heading-title elementor-size-default\">Programa\u00e7\u00e3o<\/h2>\t\t\t\t<\/div>\n\t\t\t\t<\/div>\n\t\t\t\t<div class=\"elementor-element elementor-element-fffc03b elementor-widget-divider--view-line elementor-invisible elementor-widget elementor-widget-divider\" data-id=\"fffc03b\" data-element_type=\"widget\" data-settings=\"{&quot;_animation&quot;:&quot;bounceInLeft&quot;,&quot;_animation_delay&quot;:1250}\" data-widget_type=\"divider.default\">\n\t\t\t\t<div class=\"elementor-widget-container\">\n\t\t\t\t\t\t\t<div class=\"elementor-divider\">\n\t\t\t<span class=\"elementor-divider-separator\">\n\t\t\t\t\t\t<\/span>\n\t\t<\/div>\n\t\t\t\t\t\t<\/div>\n\t\t\t\t<\/div>\n\t\t\t\t\t<\/div>\n\t\t\t\t<\/div>\n\t\t<div class=\"elementor-element elementor-element-398cd09 elementor-hidden-desktop elementor-hidden-tablet elementor-hidden-mobile e-flex e-con-boxed e-con e-parent\" data-id=\"398cd09\" data-element_type=\"container\">\n\t\t\t\t\t<div class=\"e-con-inner\">\n\t\t\t\t<div class=\"elementor-element elementor-element-1b3668b elementor-widget elementor-widget-heading\" data-id=\"1b3668b\" data-element_type=\"widget\" data-widget_type=\"heading.default\">\n\t\t\t\t<div class=\"elementor-widget-container\">\n\t\t\t\t\t<h2 class=\"elementor-heading-title elementor-size-default\">Programa\u00e7\u00e3o Sujeita a Altera\u00e7\u00f5es <\/h2>\t\t\t\t<\/div>\n\t\t\t\t<\/div>\n\t\t\t\t\t<\/div>\n\t\t\t\t<\/div>\n\t\t<div class=\"elementor-element elementor-element-55d15b8 elementor-hidden-desktop elementor-hidden-tablet elementor-hidden-mobile e-flex e-con-boxed e-con e-parent\" data-id=\"55d15b8\" data-element_type=\"container\">\n\t\t\t\t\t<div class=\"e-con-inner\">\n\t\t\t\t<div class=\"elementor-element elementor-element-ac989f1 elementor-widget elementor-widget-html\" data-id=\"ac989f1\" data-element_type=\"widget\" data-widget_type=\"html.default\">\n\t\t\t\t<div class=\"elementor-widget-container\">\n\t\t\t\t\t<iframe src=\"https:\/\/docs.google.com\/presentation\/d\/e\/2PACX-1vRqqCt2TtXxptlLRQAU6UGZiPV-23YymxhpLyJmEWwQnTLLWCo_RYOo2ARNSdS5tg\/embed?start=false&loop=false&delayms=3000\" frameborder=\"0\" width=\"1440\" height=\"839\" allowfullscreen=\"true\" mozallowfullscreen=\"true\" webkitallowfullscreen=\"true\"><\/iframe>\t\t\t\t<\/div>\n\t\t\t\t<\/div>\n\t\t\t\t\t<\/div>\n\t\t\t\t<\/div>\n\t\t<div class=\"elementor-element elementor-element-85cb9f8 e-con-full e-flex e-con e-parent\" data-id=\"85cb9f8\" data-element_type=\"container\">\n\t\t<div class=\"elementor-element elementor-element-d178672 e-con-full e-flex e-con e-child\" data-id=\"d178672\" data-element_type=\"container\">\n\t\t\t\t<div class=\"elementor-element elementor-element-9164330 elementor-widget elementor-widget-shortcode\" data-id=\"9164330\" data-element_type=\"widget\" data-widget_type=\"shortcode.default\">\n\t\t\t\t<div class=\"elementor-widget-container\">\n\t\t\t\t\t\t\t<div class=\"elementor-shortcode\"><div class=\"_df_book df-lite\" id=\"df_3145\"  _slug=\"programacao-secop-2024\" data-title=\"programacao-secop-2024\" wpoptions=\"true\" thumbtype=\"\" ><\/div><script class=\"df-shortcode-script\" nowprocket type=\"application\/javascript\">window.option_df_3145 = {\"webgl\":\"false\",\"outline\":[],\"backgroundColor\":\"#FFF\",\"height\":\"700\",\"autoEnableOutline\":\"false\",\"autoEnableThumbnail\":\"false\",\"overwritePDFOutline\":\"false\",\"direction\":\"1\",\"pageSize\":\"0\",\"pageMode\":\"1\",\"singlePageMode\":\"0\",\"source\":\"https:\\\/\\\/secop.org.br\\\/2024\\\/wp-content\\\/uploads\\\/2024\\\/08\\\/Agenda-SECOP-2024-V65.pptx.pdf\",\"wpOptions\":\"true\"}; if(window.DFLIP && window.DFLIP.parseBooks){window.DFLIP.parseBooks();}<\/script><\/div>\n\t\t\t\t\t\t<\/div>\n\t\t\t\t<\/div>\n\t\t\t\t<\/div>\n\t\t\t\t<\/div>\n\t\t\t\t<\/div>\n\t\t","protected":false},"excerpt":{"rendered":"<p>Programa\u00e7\u00e3o Programa\u00e7\u00e3o Sujeita a Altera\u00e7\u00f5es<\/p>\n","protected":false},"author":1,"featured_media":0,"parent":0,"menu_order":0,"comment_status":"closed","ping_status":"closed","template":"","meta":{"_eb_attr":"","footnotes":""},"class_list":["post-573","page","type-page","status-publish","hentry"],"_links":{"self":[{"href":"https:\/\/secop.org.br\/2024\/wp-json\/wp\/v2\/pages\/573","targetHints":{"allow":["GET"]}}],"collection":[{"href":"https:\/\/secop.org.br\/2024\/wp-json\/wp\/v2\/pages"}],"about":[{"href":"https:\/\/secop.org.br\/2024\/wp-json\/wp\/v2\/types\/page"}],"author":[{"embeddable":true,"href":"https:\/\/secop.org.br\/2024\/wp-json\/wp\/v2\/users\/1"}],"replies":[{"embeddable":true,"href":"https:\/\/secop.org.br\/2024\/wp-json\/wp\/v2\/comments?post=573"}],"version-history":[{"count":85,"href":"https:\/\/secop.org.br\/2024\/wp-json\/wp\/v2\/pages\/573\/revisions"}],"predecessor-version":[{"id":3162,"href":"https:\/\/secop.org.br\/2024\/wp-json\/wp\/v2\/pages\/573\/revisions\/3162"}],"wp:attachment":[{"href":"https:\/\/secop.org.br\/2024\/wp-json\/wp\/v2\/media?parent=573"}],"curies":[{"name":"wp","href":"https:\/\/api.w.org\/{rel}","templated":true}]}}