{"id":516,"date":"2023-06-19T18:12:00","date_gmt":"2023-06-19T18:12:00","guid":{"rendered":"https:\/\/secop.org.br\/?page_id=516"},"modified":"2025-05-28T14:06:18","modified_gmt":"2025-05-28T14:06:18","slug":"inscricoes-de-trabalho","status":"publish","type":"page","link":"https:\/\/secop.org.br\/2025\/inscricoes-de-trabalho\/","title":{"rendered":"Inscri\u00e7\u00f5es de trabalho"},"content":{"rendered":"\t\t<div data-elementor-type=\"wp-page\" data-elementor-id=\"516\" class=\"elementor elementor-516\" data-elementor-post-type=\"page\">\n\t\t\t\t<div class=\"elementor-element elementor-element-432a8fc e-flex e-con-boxed e-con e-parent\" data-id=\"432a8fc\" data-element_type=\"container\" data-e-type=\"container\" data-settings=\"{&quot;background_background&quot;:&quot;classic&quot;}\">\n\t\t\t\t\t<div class=\"e-con-inner\">\n\t\t\t\t<div class=\"elementor-element elementor-element-4123595 elementor-invisible elementor-widget elementor-widget-heading\" data-id=\"4123595\" data-element_type=\"widget\" data-e-type=\"widget\" data-settings=\"{&quot;_animation&quot;:&quot;fadeIn&quot;,&quot;_animation_delay&quot;:250}\" data-widget_type=\"heading.default\">\n\t\t\t\t<div class=\"elementor-widget-container\">\n\t\t\t\t\t<h2 class=\"elementor-heading-title elementor-size-default\">Formul\u00e1rio de Inscri\u00e7\u00e3o<\/h2>\t\t\t\t<\/div>\n\t\t\t\t<\/div>\n\t\t\t\t<div class=\"elementor-element elementor-element-a96d07f elementor-invisible elementor-widget elementor-widget-heading\" data-id=\"a96d07f\" data-element_type=\"widget\" data-e-type=\"widget\" data-settings=\"{&quot;_animation&quot;:&quot;fadeIn&quot;,&quot;_animation_delay&quot;:250}\" data-widget_type=\"heading.default\">\n\t\t\t\t<div class=\"elementor-widget-container\">\n\t\t\t\t\t<h2 class=\"elementor-heading-title elementor-size-default\">Pr\u00eamio Gov.Digital<\/h2>\t\t\t\t<\/div>\n\t\t\t\t<\/div>\n\t\t\t\t\t<\/div>\n\t\t\t\t<\/div>\n\t\t<div class=\"elementor-element elementor-element-be820a6 e-flex e-con-boxed e-con e-parent\" data-id=\"be820a6\" data-element_type=\"container\" data-e-type=\"container\">\n\t\t\t\t\t<div class=\"e-con-inner\">\n\t\t\t\t<div class=\"elementor-element elementor-element-96315af elementor-widget elementor-widget-image\" data-id=\"96315af\" data-element_type=\"widget\" data-e-type=\"widget\" data-widget_type=\"image.default\">\n\t\t\t\t<div class=\"elementor-widget-container\">\n\t\t\t\t\t\t\t\t\t\t\t\t\t\t\t<img fetchpriority=\"high\" decoding=\"async\" width=\"800\" height=\"450\" src=\"https:\/\/secop.org.br\/2025\/wp-content\/uploads\/2023\/06\/LOGO-GOV.DIGITAL-01_Prancheta-1-1024x576.png\" class=\"attachment-large size-large wp-image-325\" alt=\"\" srcset=\"https:\/\/secop.org.br\/2025\/wp-content\/uploads\/2023\/06\/LOGO-GOV.DIGITAL-01_Prancheta-1-1024x576.png 1024w, https:\/\/secop.org.br\/2025\/wp-content\/uploads\/2023\/06\/LOGO-GOV.DIGITAL-01_Prancheta-1-300x169.png 300w, https:\/\/secop.org.br\/2025\/wp-content\/uploads\/2023\/06\/LOGO-GOV.DIGITAL-01_Prancheta-1-768x432.png 768w, https:\/\/secop.org.br\/2025\/wp-content\/uploads\/2023\/06\/LOGO-GOV.DIGITAL-01_Prancheta-1-1536x864.png 1536w, https:\/\/secop.org.br\/2025\/wp-content\/uploads\/2023\/06\/LOGO-GOV.DIGITAL-01_Prancheta-1-2048x1151.png 2048w\" sizes=\"(max-width: 800px) 100vw, 800px\" \/>\t\t\t\t\t\t\t\t\t\t\t\t\t\t\t<\/div>\n\t\t\t\t<\/div>\n\t\t\t\t\t<\/div>\n\t\t\t\t<\/div>\n\t\t<div class=\"elementor-element elementor-element-f4e7cfd elementor-hidden-desktop elementor-hidden-tablet elementor-hidden-mobile e-flex e-con-boxed e-con e-parent\" data-id=\"f4e7cfd\" data-element_type=\"container\" data-e-type=\"container\">\n\t\t\t\t\t<div class=\"e-con-inner\">\n\t\t\t\t<div class=\"elementor-element elementor-element-7f78ffb eael-wpforms-labels-yes eael-wpforms-form-button-custom elementor-widget elementor-widget-eael-wpforms\" data-id=\"7f78ffb\" data-element_type=\"widget\" data-e-type=\"widget\" data-widget_type=\"eael-wpforms.default\">\n\t\t\t\t<div class=\"elementor-widget-container\">\n\t\t\t\t\t            <div class=\"eael-contact-form eael-wpforms eael-wpforms-align-default\">\n                                <div class=\"wpforms-container wpforms-container-full wpforms-render-modern\" id=\"wpforms-3856\"><form id=\"wpforms-form-3856\" class=\"wpforms-validate wpforms-form wpforms-ajax-form\" data-formid=\"3856\" method=\"post\" enctype=\"multipart\/form-data\" action=\"\/2025\/wp-json\/wp\/v2\/pages\/516?wpforms_form_id=3856\" data-token=\"1f7e05cef1231b9598f43b0bdb2771b3\" data-token-time=\"1776929026\"><div class=\"wpforms-head-container\"><div class=\"wpforms-title\">Formul\u00e1rio do Pr\u00eamio oficial 2025<\/div><\/div><noscript class=\"wpforms-error-noscript\">Please enable JavaScript in your browser to complete this form.<\/noscript><div id=\"wpforms-error-noscript\" style=\"display: none;\">Please enable JavaScript in your browser to complete this form.<\/div><div class=\"wpforms-field-container\"><div id=\"wpforms-3856-field_1-container\" class=\"wpforms-field wpforms-field-name\" data-field-id=\"1\"><fieldset><legend class=\"wpforms-field-label\">Nome (Respons\u00e1vel pelo projeto) <span class=\"wpforms-required-label\" aria-hidden=\"true\">*<\/span><\/legend><div class=\"wpforms-field-row wpforms-field-large\"><div class=\"wpforms-field-row-block wpforms-first wpforms-one-half\"><input type=\"text\" id=\"wpforms-3856-field_1\" class=\"wpforms-field-name-first wpforms-field-required\" name=\"wpforms[fields][1][first]\" placeholder=\"Primeiro Nome\" aria-errormessage=\"wpforms-3856-field_1-error\" required><label for=\"wpforms-3856-field_1\" class=\"wpforms-field-sublabel after wpforms-sublabel-hide\">First<\/label><\/div><div class=\"wpforms-field-row-block wpforms-one-half\"><input type=\"text\" id=\"wpforms-3856-field_1-last\" class=\"wpforms-field-name-last wpforms-field-required\" name=\"wpforms[fields][1][last]\" placeholder=\"Sobrenome\" aria-errormessage=\"wpforms-3856-field_1-last-error\" required><label for=\"wpforms-3856-field_1-last\" class=\"wpforms-field-sublabel after wpforms-sublabel-hide\">Last<\/label><\/div><\/div><\/fieldset><\/div><div id=\"wpforms-3856-field_20-container\" class=\"wpforms-field wpforms-field-phone\" data-field-id=\"20\"><label class=\"wpforms-field-label\" for=\"wpforms-3856-field_20\">Whatsapp <span class=\"wpforms-required-label\" aria-hidden=\"true\">*<\/span><\/label><input type=\"tel\" id=\"wpforms-3856-field_20\" class=\"wpforms-field-medium wpforms-field-required wpforms-smart-phone-field\" data-rule-smart-phone-field=\"true\" name=\"wpforms[fields][20]\" aria-label=\"Whatsapp\" aria-errormessage=\"wpforms-3856-field_20-error\" required><\/div><div id=\"wpforms-3856-field_2-container\" class=\"wpforms-field wpforms-field-email\" data-field-id=\"2\"><fieldset><legend class=\"wpforms-field-label\">E-mail (Respons\u00e1vel pelo projeto) <span class=\"wpforms-required-label\" aria-hidden=\"true\">*<\/span><\/legend><div class=\"wpforms-field-row wpforms-field-large\"><div class=\"wpforms-field-row-block wpforms-one-half wpforms-first\"><input type=\"email\" id=\"wpforms-3856-field_2\" class=\"wpforms-field-required wpforms-field-email-primary\" name=\"wpforms[fields][2][primary]\" placeholder=\"E-mail\" spellcheck=\"false\" aria-errormessage=\"wpforms-3856-field_2-error\" required><label for=\"wpforms-3856-field_2\" class=\"wpforms-field-sublabel after wpforms-sublabel-hide\">Email<\/label><\/div><div class=\"wpforms-field-row-block wpforms-one-half\"><input type=\"email\" id=\"wpforms-3856-field_2-secondary\" class=\"wpforms-field-email-secondary wpforms-field-required\" data-rule-confirm=\"#wpforms-3856-field_2\" name=\"wpforms[fields][2][secondary]\" placeholder=\"Confirme o e-mail\" spellcheck=\"false\" aria-errormessage=\"wpforms-3856-field_2-secondary-error\" required><label for=\"wpforms-3856-field_2-secondary\" class=\"wpforms-field-sublabel after wpforms-sublabel-hide\">Confirm Email<\/label><\/div><\/div><\/fieldset><\/div><div id=\"wpforms-3856-field_3-container\" class=\"wpforms-field wpforms-field-textarea\" data-field-id=\"3\"><label class=\"wpforms-field-label\" for=\"wpforms-3856-field_3\">Nome dos Participantes do Projeto<\/label><textarea id=\"wpforms-3856-field_3\" class=\"wpforms-field-medium\" name=\"wpforms[fields][3]\" aria-errormessage=\"wpforms-3856-field_3-error\" ><\/textarea><\/div><div id=\"wpforms-3856-field_4-container\" class=\"wpforms-field wpforms-field-text\" data-field-id=\"4\"><label class=\"wpforms-field-label\" for=\"wpforms-3856-field_4\">Org\u00e3o\/ Entidade\/ Empresa <span class=\"wpforms-required-label\" aria-hidden=\"true\">*<\/span><\/label><input type=\"text\" id=\"wpforms-3856-field_4\" class=\"wpforms-field-large wpforms-field-required\" name=\"wpforms[fields][4]\" aria-errormessage=\"wpforms-3856-field_4-error\" required><\/div><div id=\"wpforms-3856-field_5-container\" class=\"wpforms-field wpforms-field-text\" data-field-id=\"5\"><label class=\"wpforms-field-label\" for=\"wpforms-3856-field_5\">Cargo(s) <span class=\"wpforms-required-label\" aria-hidden=\"true\">*<\/span><\/label><input type=\"text\" id=\"wpforms-3856-field_5\" class=\"wpforms-field-large wpforms-field-required\" name=\"wpforms[fields][5]\" aria-errormessage=\"wpforms-3856-field_5-error\" required><\/div><div id=\"wpforms-3856-field_6-container\" class=\"wpforms-field wpforms-field-select wpforms-field-select-style-classic\" data-field-id=\"6\"><label class=\"wpforms-field-label\" for=\"wpforms-3856-field_6\">Estado <span class=\"wpforms-required-label\" aria-hidden=\"true\">*<\/span><\/label><select id=\"wpforms-3856-field_6\" class=\"wpforms-field-large wpforms-field-required\" name=\"wpforms[fields][6]\" required=\"required\"><option value=\"Acre\"  class=\"choice-4 depth-1\"  >Acre<\/option><option value=\"Alagoas\"  class=\"choice-5 depth-1\"  >Alagoas<\/option><option value=\"Amap\u00e1\"  class=\"choice-6 depth-1\"  >Amap\u00e1<\/option><option value=\"Amazonas\"  class=\"choice-7 depth-1\"  >Amazonas<\/option><option value=\"Bahia\"  class=\"choice-8 depth-1\"  >Bahia<\/option><option value=\"Cear\u00e1\"  class=\"choice-9 depth-1\"  >Cear\u00e1<\/option><option value=\"Distrito Federal\"  class=\"choice-10 depth-1\"  >Distrito Federal<\/option><option value=\"Esp\u00edrito Santo\"  class=\"choice-11 depth-1\"  >Esp\u00edrito Santo<\/option><option value=\"Goi\u00e1s\"  class=\"choice-12 depth-1\"  >Goi\u00e1s<\/option><option value=\"Maranh\u00e3o\"  class=\"choice-13 depth-1\"  >Maranh\u00e3o<\/option><option value=\"Mato Grosso\"  class=\"choice-14 depth-1\"  >Mato Grosso<\/option><option value=\"Mato Grosso do Sul\"  class=\"choice-15 depth-1\"  >Mato Grosso do Sul<\/option><option value=\"Minas Gerais\"  class=\"choice-16 depth-1\"  >Minas Gerais<\/option><option value=\"Par\u00e1\"  class=\"choice-17 depth-1\"  >Par\u00e1<\/option><option value=\"Para\u00edba\"  class=\"choice-18 depth-1\"  >Para\u00edba<\/option><option value=\"Paran\u00e1\"  class=\"choice-19 depth-1\"  >Paran\u00e1<\/option><option value=\"Pernambuco\"  class=\"choice-20 depth-1\"  >Pernambuco<\/option><option value=\"Piau\u00ed\"  class=\"choice-21 depth-1\"  >Piau\u00ed<\/option><option value=\"Rio de Janeiro\"  class=\"choice-22 depth-1\"  >Rio de Janeiro<\/option><option value=\"Rio Grande do Norte\"  class=\"choice-23 depth-1\"  >Rio Grande do Norte<\/option><option value=\"Rio Grande do Sul\"  class=\"choice-24 depth-1\"  >Rio Grande do Sul<\/option><option value=\"Rond\u00f4nia\"  class=\"choice-25 depth-1\"  >Rond\u00f4nia<\/option><option value=\"Roraima\"  class=\"choice-26 depth-1\"  >Roraima<\/option><option value=\"Santa Catarina\"  class=\"choice-27 depth-1\"  >Santa Catarina<\/option><option value=\"S\u00e3o Paulo\"  class=\"choice-28 depth-1\"  >S\u00e3o Paulo<\/option><option value=\"Sergipe\"  class=\"choice-29 depth-1\"  >Sergipe<\/option><option value=\"Tocantins\"  class=\"choice-30 depth-1\"  >Tocantins<\/option><\/select><\/div><div id=\"wpforms-3856-field_7-container\" class=\"wpforms-field wpforms-field-text\" data-field-id=\"7\"><label class=\"wpforms-field-label\" for=\"wpforms-3856-field_7\">Cidade\/Munic\u00edpio<\/label><input type=\"text\" id=\"wpforms-3856-field_7\" class=\"wpforms-field-large\" name=\"wpforms[fields][7]\" aria-errormessage=\"wpforms-3856-field_7-error\" ><\/div><div id=\"wpforms-3856-field_11-container\" class=\"wpforms-field wpforms-field-select wpforms-field-select-style-classic\" data-field-id=\"11\"><label class=\"wpforms-field-label\" for=\"wpforms-3856-field_11\">Categoria do Projeto <span class=\"wpforms-required-label\" aria-hidden=\"true\">*<\/span><\/label><select id=\"wpforms-3856-field_11\" class=\"wpforms-field-large wpforms-field-required\" name=\"wpforms[fields][11]\" required=\"required\"><option value=\"3.1 Melhor solu\u00e7\u00e3o de Governo Digital Orientada ao Governo\"  class=\"choice-4 depth-1\"  >3.1 Melhor solu\u00e7\u00e3o de Governo Digital Orientada ao Governo<\/option><option value=\"3.2 Melhor solu\u00e7\u00e3o de Governo Digital Orientada ao Cidad\u00e3o\"  class=\"choice-5 depth-1\"  >3.2 Melhor solu\u00e7\u00e3o de Governo Digital Orientada ao Cidad\u00e3o<\/option><option value=\"3.3 Melhor solu\u00e7\u00e3o de Governo Digital para Governo Aberto\"  class=\"choice-6 depth-1\"  >3.3 Melhor solu\u00e7\u00e3o de Governo Digital para Governo Aberto<\/option><option value=\"3.4 Melhor solu\u00e7\u00e3o de Governo Digital para Governan\u00e7a Digital\"  class=\"choice-7 depth-1\"  >3.4 Melhor solu\u00e7\u00e3o de Governo Digital para Governan\u00e7a Digital<\/option><option value=\"3.5 Melhor solu\u00e7\u00e3o de Governo Digital Inclusivo\"  class=\"choice-8 depth-1\"  >3.5 Melhor solu\u00e7\u00e3o de Governo Digital Inclusivo<\/option><option value=\"3.6 Melhor solu\u00e7\u00e3o de Governo Digital baseada em Intelig\u00eancia\u00a0Artificial\"  class=\"choice-9 depth-1\"  >3.6 Melhor solu\u00e7\u00e3o de Governo Digital baseada em Intelig\u00eancia\u00a0Artificial<\/option><\/select><\/div><div id=\"wpforms-3856-field_12-container\" class=\"wpforms-field wpforms-field-date-time\" data-field-id=\"12\"><label class=\"wpforms-field-label\" for=\"wpforms-3856-field_12\">Data da Implanta\u00e7\u00e3o <span class=\"wpforms-required-label\" aria-hidden=\"true\">*<\/span><\/label><div class=\"wpforms-datepicker-wrap\"><input type=\"text\" id=\"wpforms-3856-field_12\" class=\"wpforms-field-date-time-date wpforms-datepicker wpforms-field-required wpforms-field-medium\" data-date-format=\"d\/m\/Y\" data-disable-past-dates=\"0\" data-input=\"true\" name=\"wpforms[fields][12][date]\" aria-errormessage=\"wpforms-3856-field_12-error\" required><a title=\"Clear Date\" data-clear role=\"button\" tabindex=\"0\" class=\"wpforms-datepicker-clear\" aria-label=\"Clear Date\" style=\"display:none;\"><\/a><\/div><\/div><div id=\"wpforms-3856-field_13-container\" class=\"wpforms-field wpforms-field-text\" data-field-id=\"13\"><label class=\"wpforms-field-label\" for=\"wpforms-3856-field_13\">Titulo da Iniciativa <span class=\"wpforms-required-label\" aria-hidden=\"true\">*<\/span><\/label><input type=\"text\" id=\"wpforms-3856-field_13\" class=\"wpforms-field-medium wpforms-field-required\" name=\"wpforms[fields][13]\" aria-errormessage=\"wpforms-3856-field_13-error\" required><\/div><div id=\"wpforms-3856-field_21-container\" class=\"wpforms-field wpforms-field-text\" data-field-id=\"21\"><label class=\"wpforms-field-label\" for=\"wpforms-3856-field_21\">Nome a ser inserido no certificado em caso de sele\u00e7\u00e3o como finalista <span class=\"wpforms-required-label\" aria-hidden=\"true\">*<\/span><\/label><input type=\"text\" id=\"wpforms-3856-field_21\" class=\"wpforms-field-medium wpforms-field-required\" name=\"wpforms[fields][21]\" aria-errormessage=\"wpforms-3856-field_21-error\" required><\/div><div id=\"wpforms-3856-field_14-container\" class=\"wpforms-field wpforms-field-url\" data-field-id=\"14\"><label class=\"wpforms-field-label\" for=\"wpforms-3856-field_14\">URL do Projeto<\/label><input type=\"url\" id=\"wpforms-3856-field_14\" class=\"wpforms-field-medium\" name=\"wpforms[fields][14]\" aria-errormessage=\"wpforms-3856-field_14-error\" ><\/div><div id=\"wpforms-3856-field_15-container\" class=\"wpforms-field wpforms-field-file-upload\" data-field-id=\"15\"><label class=\"wpforms-field-label\" for=\"wpforms-3856-field_15\">O arquivo em formato PDF referente ao projeto desenvolvido. <span class=\"wpforms-required-label\" aria-hidden=\"true\">*<\/span><\/label><div\n\t\tclass=\"wpforms-uploader wpforms-field-required\"\n\t\tdata-field-id=\"15\"\n\t\tdata-form-id=\"3856\"\n\t\tdata-input-name=\"wpforms_3856_15\"\n\t\tdata-extensions=\"pdf\"\n\t\tdata-max-size=\"524288000\"\n\t\tdata-max-file-number=\"1\"\n\t\tdata-post-max-size=\"536870912\"\n\t\tdata-max-parallel-uploads=\"4\"\n\t\tdata-parallel-uploads=\"true\"\n\t\tdata-file-chunk-size=\"2097152\">\n\t<div class=\"dz-message\">\n\t\t<svg  viewBox=\"0 0 640 640\" focusable=\"false\" data-icon=\"inbox\" width=\"50px\" height=\"50px\" fill=\"currentColor\" aria-hidden=\"true\">\n\t\t\t<path d=\"M352 173.3L352 384C352 401.7 337.7 416 320 416C302.3 416 288 401.7 288 384L288 173.3L246.6 214.7C234.1 227.2 213.8 227.2 201.3 214.7C188.8 202.2 188.8 181.9 201.3 169.4L297.3 73.4C309.8 60.9 330.1 60.9 342.6 73.4L438.6 169.4C451.1 181.9 451.1 202.2 438.6 214.7C426.1 227.2 405.8 227.2 393.3 214.7L352 173.3zM320 464C364.2 464 400 428.2 400 384L480 384C515.3 384 544 412.7 544 448L544 480C544 515.3 515.3 544 480 544L160 544C124.7 544 96 515.3 96 480L96 448C96 412.7 124.7 384 160 384L240 384C240 428.2 275.8 464 320 464zM464 488C477.3 488 488 477.3 488 464C488 450.7 477.3 440 464 440C450.7 440 440 450.7 440 464C440 477.3 450.7 488 464 488z\"\/>\n\t\t<\/svg>\n\n\t\t<span class=\"modern-title\">\n\t\t\t\t\t\t\tDrag &amp; Drop Files, \t\t\t\t<span>Choose Files to Upload<\/span>\n\t\t\t\t\t<\/span>\n\n\t\t\t<\/div>\n<\/div>\n\n<input\n\t\ttype=\"text\"\n\t\tautocomplete=\"off\"\n\t\treadonly\n\t\tclass=\"dropzone-input\"\n\t\tstyle=\"position:absolute!important;clip:rect(0,0,0,0)!important;height:1px!important;width:1px!important;border:0!important;overflow:hidden!important;padding:0!important;margin:0!important;\"\n\t\tid=\"wpforms-3856-field_15\"\n\t\tname=\"wpforms_3856_15\" required\t\tvalue=\"\">\n<\/div><div id=\"wpforms-3856-field_17-container\" class=\"wpforms-field wpforms-field-checkbox\" data-field-id=\"17\"><fieldset><legend class=\"wpforms-field-label\">Termo de autoriza\u00e7\u00e3o para utiliza\u00e7\u00e3o de dados. <span class=\"wpforms-required-label\" aria-hidden=\"true\">*<\/span><\/legend><ul id=\"wpforms-3856-field_17\" class=\"wpforms-field-required\"><li class=\"choice-1 depth-1\"><input type=\"checkbox\" id=\"wpforms-3856-field_17_1\" name=\"wpforms[fields][17][]\" value=\"Declaro que autorizo o compartilhamento dos dados pessoais fornecidos por mim neste ato de inscri\u00e7\u00e3o, os quais poder\u00e3o ser disponibilizados pela ABEP-TIC aos seus associados, patrocinadores, palestrantes e expositores do SECOP 2025, com a finalidade de divulgar material publicit\u00e1rio, veicular a iniciativa inscrita e utilizar imagens captadas durante o evento. Caso a iniciativa seja selecionada como finalista, autorizo tamb\u00e9m a sua publica\u00e7\u00e3o no site do SECOP. Esta autoriza\u00e7\u00e3o \u00e9 concedida de forma gratuita.  Estou ciente de que posso, a qualquer momento, solicitar \u00e0 ABEP-TIC a exclus\u00e3o dos meus dados pessoais e imagens de seus bancos de dados, sem que isso gere qualquer direito a indeniza\u00e7\u00e3o pelos compartilhamentos realizados at\u00e9 a data do pedido de exclus\u00e3o.\" aria-errormessage=\"wpforms-3856-field_17_1-error\" required ><label class=\"wpforms-field-label-inline\" for=\"wpforms-3856-field_17_1\">Declaro que autorizo o compartilhamento dos dados pessoais fornecidos por mim neste ato de inscri\u00e7\u00e3o, os quais poder\u00e3o ser disponibilizados pela ABEP-TIC aos seus associados, patrocinadores, palestrantes e expositores do SECOP 2025, com a finalidade de divulgar material publicit\u00e1rio, veicular a iniciativa inscrita e utilizar imagens captadas durante o evento. Caso a iniciativa seja selecionada como finalista, autorizo tamb\u00e9m a sua publica\u00e7\u00e3o no site do SECOP. Esta autoriza\u00e7\u00e3o \u00e9 concedida de forma gratuita.  Estou ciente de que posso, a qualquer momento, solicitar \u00e0 ABEP-TIC a exclus\u00e3o dos meus dados pessoais e imagens de seus bancos de dados, sem que isso gere qualquer direito a indeniza\u00e7\u00e3o pelos compartilhamentos realizados at\u00e9 a data do pedido de exclus\u00e3o.<\/label><\/li><\/ul><\/fieldset><\/div><\/div><!-- .wpforms-field-container --><div class=\"wpforms-submit-container\" ><input type=\"hidden\" name=\"wpforms[id]\" value=\"3856\"><input type=\"hidden\" name=\"page_title\" value=\"\"><input type=\"hidden\" name=\"page_url\" value=\"https:\/\/secop.org.br\/2025\/wp-json\/wp\/v2\/pages\/516\"><input type=\"hidden\" name=\"url_referer\" value=\"\"><button type=\"submit\" name=\"wpforms[submit]\" id=\"wpforms-submit-3856\" class=\"wpforms-submit\" data-alt-text=\"Processando...\" data-submit-text=\"Enviar\" aria-live=\"assertive\" value=\"wpforms-submit\">Enviar<\/button><img decoding=\"async\" src=\"https:\/\/secop.org.br\/2025\/wp-content\/plugins\/wpforms\/assets\/images\/submit-spin.svg\" class=\"wpforms-submit-spinner\" style=\"display: none;\" width=\"26\" height=\"26\" alt=\"Loading\"><\/div><\/form><\/div>  <!-- .wpforms-container -->            <\/div>\n\t\t\t\t<\/div>\n\t\t\t\t<\/div>\n\t\t\t\t\t<\/div>\n\t\t\t\t<\/div>\n\t\t\t\t<\/div>\n\t\t","protected":false},"excerpt":{"rendered":"<p>Formul\u00e1rio de Inscri\u00e7\u00e3o Pr\u00eamio Gov.Digital Formul\u00e1rio do Pr\u00eamio oficial 2025Please enable JavaScript in your browser to complete this form.Please enable JavaScript in your browser to complete this form. Nome (Respons\u00e1vel&#8230;<\/p>\n","protected":false},"author":1,"featured_media":0,"parent":0,"menu_order":0,"comment_status":"closed","ping_status":"closed","template":"","meta":{"_eb_attr":"","footnotes":""},"class_list":["post-516","page","type-page","status-publish","hentry"],"_links":{"self":[{"href":"https:\/\/secop.org.br\/2025\/wp-json\/wp\/v2\/pages\/516","targetHints":{"allow":["GET"]}}],"collection":[{"href":"https:\/\/secop.org.br\/2025\/wp-json\/wp\/v2\/pages"}],"about":[{"href":"https:\/\/secop.org.br\/2025\/wp-json\/wp\/v2\/types\/page"}],"author":[{"embeddable":true,"href":"https:\/\/secop.org.br\/2025\/wp-json\/wp\/v2\/users\/1"}],"replies":[{"embeddable":true,"href":"https:\/\/secop.org.br\/2025\/wp-json\/wp\/v2\/comments?post=516"}],"version-history":[{"count":27,"href":"https:\/\/secop.org.br\/2025\/wp-json\/wp\/v2\/pages\/516\/revisions"}],"predecessor-version":[{"id":4092,"href":"https:\/\/secop.org.br\/2025\/wp-json\/wp\/v2\/pages\/516\/revisions\/4092"}],"wp:attachment":[{"href":"https:\/\/secop.org.br\/2025\/wp-json\/wp\/v2\/media?parent=516"}],"curies":[{"name":"wp","href":"https:\/\/api.w.org\/{rel}","templated":true}]}}