{"id":881,"date":"2023-06-21T19:50:11","date_gmt":"2023-06-21T19:50:11","guid":{"rendered":"https:\/\/secop.org.br\/?page_id=881"},"modified":"2023-08-16T21:43:35","modified_gmt":"2023-08-16T21:43:35","slug":"imprensa","status":"publish","type":"page","link":"https:\/\/secop.org.br\/2025\/imprensa\/","title":{"rendered":"Imprensa"},"content":{"rendered":"\t\t<div data-elementor-type=\"wp-page\" data-elementor-id=\"881\" class=\"elementor elementor-881\" data-elementor-post-type=\"page\">\n\t\t\t\t<div class=\"elementor-element elementor-element-0272333 e-con-full e-flex e-con e-parent\" data-id=\"0272333\" data-element_type=\"container\" data-e-type=\"container\" data-settings=\"{&quot;background_background&quot;:&quot;classic&quot;}\">\n\t\t\t\t<div class=\"elementor-element elementor-element-346a5e5 elementor-widget-divider--view-line elementor-invisible elementor-widget elementor-widget-divider\" data-id=\"346a5e5\" data-element_type=\"widget\" data-e-type=\"widget\" data-settings=\"{&quot;_animation&quot;:&quot;bounceInLeft&quot;,&quot;_animation_delay&quot;:1250}\" data-widget_type=\"divider.default\">\n\t\t\t\t<div class=\"elementor-widget-container\">\n\t\t\t\t\t\t\t<div class=\"elementor-divider\">\n\t\t\t<span class=\"elementor-divider-separator\">\n\t\t\t\t\t\t<\/span>\n\t\t<\/div>\n\t\t\t\t\t\t<\/div>\n\t\t\t\t<\/div>\n\t\t\t\t<div class=\"elementor-element elementor-element-8b02f40 elementor-invisible elementor-widget elementor-widget-heading\" data-id=\"8b02f40\" data-element_type=\"widget\" data-e-type=\"widget\" data-settings=\"{&quot;_animation&quot;:&quot;fadeInLeft&quot;}\" data-widget_type=\"heading.default\">\n\t\t\t\t<div class=\"elementor-widget-container\">\n\t\t\t\t\t<h2 class=\"elementor-heading-title elementor-size-default\">IMPRENSA<\/h2>\t\t\t\t<\/div>\n\t\t\t\t<\/div>\n\t\t\t\t<\/div>\n\t\t<div class=\"elementor-element elementor-element-9010a7c e-flex e-con-boxed e-con e-parent\" data-id=\"9010a7c\" data-element_type=\"container\" data-e-type=\"container\" id=\"brasilia\">\n\t\t\t\t\t<div class=\"e-con-inner\">\n\t\t\t\t<div class=\"elementor-element elementor-element-255a82b elementor-widget-divider--view-line_text elementor-widget-divider--element-align-center elementor-invisible elementor-widget elementor-widget-divider\" data-id=\"255a82b\" data-element_type=\"widget\" data-e-type=\"widget\" data-settings=\"{&quot;_animation&quot;:&quot;fadeInLeft&quot;}\" data-widget_type=\"divider.default\">\n\t\t\t\t<div class=\"elementor-widget-container\">\n\t\t\t\t\t\t\t<div class=\"elementor-divider\">\n\t\t\t<span class=\"elementor-divider-separator\">\n\t\t\t\t\t\t\t<span class=\"elementor-divider__text elementor-divider__element\">\n\t\t\t\tReleases\t\t\t\t<\/span>\n\t\t\t\t\t\t<\/span>\n\t\t<\/div>\n\t\t\t\t\t\t<\/div>\n\t\t\t\t<\/div>\n\t\t\t\t<div class=\"elementor-element elementor-element-1dfa6b7 elementor-posts--thumbnail-none elementor-grid-3 elementor-grid-tablet-2 elementor-grid-mobile-1 elementor-card-shadow-yes elementor-posts__hover-gradient elementor-widget elementor-widget-posts\" data-id=\"1dfa6b7\" data-element_type=\"widget\" data-e-type=\"widget\" data-settings=\"{&quot;pagination_type&quot;:&quot;prev_next&quot;,&quot;cards_columns&quot;:&quot;3&quot;,&quot;cards_columns_tablet&quot;:&quot;2&quot;,&quot;cards_columns_mobile&quot;:&quot;1&quot;,&quot;cards_row_gap&quot;:{&quot;unit&quot;:&quot;px&quot;,&quot;size&quot;:35,&quot;sizes&quot;:[]},&quot;cards_row_gap_tablet&quot;:{&quot;unit&quot;:&quot;px&quot;,&quot;size&quot;:&quot;&quot;,&quot;sizes&quot;:[]},&quot;cards_row_gap_mobile&quot;:{&quot;unit&quot;:&quot;px&quot;,&quot;size&quot;:&quot;&quot;,&quot;sizes&quot;:[]}}\" data-widget_type=\"posts.cards\">\n\t\t\t\t<div class=\"elementor-widget-container\">\n\t\t\t\t\t\t\t<div class=\"elementor-posts-container elementor-posts elementor-posts--skin-cards elementor-grid\" role=\"list\">\n\t\t\t\t<article class=\"elementor-post elementor-grid-item post-4854 post type-post status-publish format-standard has-post-thumbnail hentry category-materias category-release\" role=\"listitem\">\n\t\t\t<div class=\"elementor-post__card\">\n\t\t\t\t<div class=\"elementor-post__text\">\n\t\t\t\t<h3 class=\"elementor-post__title\">\n\t\t\t<a href=\"https:\/\/secop.org.br\/2025\/2025\/09\/04\/revista-especial-eterniza-os-destaques-do-secop-2025\/\">\n\t\t\t\tRevista especial eterniza os destaques do SECOP 2025\t\t\t<\/a>\n\t\t<\/h3>\n\t\t\t\t<div class=\"elementor-post__excerpt\">\n\t\t\t<p>O portal Converg\u00eancia Digital realizou uma cobertura especial durante o SECOP 2025 &#8211; Semin\u00e1rio Nacional de TIC para a Gest\u00e3o P\u00fablica, realizado em Bras\u00edlia nos dias 6 e 7 de<\/p>\n\t\t<\/div>\n\t\t\n\t\t<a class=\"elementor-post__read-more\" href=\"https:\/\/secop.org.br\/2025\/2025\/09\/04\/revista-especial-eterniza-os-destaques-do-secop-2025\/\" aria-label=\"Read more about Revista especial eterniza os destaques do SECOP 2025\" tabindex=\"-1\">\n\t\t\tLeia Mais\t\t<\/a>\n\n\t\t\t\t<\/div>\n\t\t\t\t<div class=\"elementor-post__meta-data\">\n\t\t\t\t\t<span class=\"elementor-post-date\">\n\t\t\t04\/09\/2025\t\t<\/span>\n\t\t\t\t<\/div>\n\t\t\t\t\t<\/div>\n\t\t<\/article>\n\t\t\t\t<article class=\"elementor-post elementor-grid-item post-4768 post type-post status-publish format-standard has-post-thumbnail hentry category-materias category-release\" role=\"listitem\">\n\t\t\t<div class=\"elementor-post__card\">\n\t\t\t\t<div class=\"elementor-post__text\">\n\t\t\t\t<h3 class=\"elementor-post__title\">\n\t\t\t<a href=\"https:\/\/secop.org.br\/2025\/2025\/08\/08\/gov-digital-2025-premia-solucoes-que-ja-mudam-a-vida-do-cidadao\/\">\n\t\t\t\tGov.Digital 2025 premia solu\u00e7\u00f5es que j\u00e1 mudam a vida do cidad\u00e3o\t\t\t<\/a>\n\t\t<\/h3>\n\t\t\t\t<div class=\"elementor-post__excerpt\">\n\t\t\t<p>Cerim\u00f4nia marcou a noite de encerramento do SECOP 2025, no Centro Internacional de Conven\u00e7\u00f5es do Brasil, em Bras\u00edlia A tecnologia a servi\u00e7o de governos mais \u00e1geis, transparentes e inclusivos ganhou<\/p>\n\t\t<\/div>\n\t\t\n\t\t<a class=\"elementor-post__read-more\" href=\"https:\/\/secop.org.br\/2025\/2025\/08\/08\/gov-digital-2025-premia-solucoes-que-ja-mudam-a-vida-do-cidadao\/\" aria-label=\"Read more about Gov.Digital 2025 premia solu\u00e7\u00f5es que j\u00e1 mudam a vida do cidad\u00e3o\" tabindex=\"-1\">\n\t\t\tLeia Mais\t\t<\/a>\n\n\t\t\t\t<\/div>\n\t\t\t\t<div class=\"elementor-post__meta-data\">\n\t\t\t\t\t<span class=\"elementor-post-date\">\n\t\t\t08\/08\/2025\t\t<\/span>\n\t\t\t\t<\/div>\n\t\t\t\t\t<\/div>\n\t\t<\/article>\n\t\t\t\t<article class=\"elementor-post elementor-grid-item post-4759 post type-post status-publish format-standard has-post-thumbnail hentry category-materias category-release\" role=\"listitem\">\n\t\t\t<div class=\"elementor-post__card\">\n\t\t\t\t<div class=\"elementor-post__text\">\n\t\t\t\t<h3 class=\"elementor-post__title\">\n\t\t\t<a href=\"https:\/\/secop.org.br\/2025\/2025\/08\/07\/debates-do-secop-2025-apontam-caminhos-para-o-futuro-da-tecnologia-na-gestao-publica\/\">\n\t\t\t\tDebates do SECOP 2025 apontam caminhos para o futuro da tecnologia na gest\u00e3o p\u00fablica\t\t\t<\/a>\n\t\t<\/h3>\n\t\t\t\t<div class=\"elementor-post__excerpt\">\n\t\t\t<p>Transcend\u00eancia, intelig\u00eancia artificial, seguran\u00e7a p\u00fablica e o papel estrat\u00e9gico dos CIOs marcaram os pain\u00e9is do maior evento de tecnologia para a gest\u00e3o p\u00fablica no Brasil Nos dias 6 e 7<\/p>\n\t\t<\/div>\n\t\t\n\t\t<a class=\"elementor-post__read-more\" href=\"https:\/\/secop.org.br\/2025\/2025\/08\/07\/debates-do-secop-2025-apontam-caminhos-para-o-futuro-da-tecnologia-na-gestao-publica\/\" aria-label=\"Read more about Debates do SECOP 2025 apontam caminhos para o futuro da tecnologia na gest\u00e3o p\u00fablica\" tabindex=\"-1\">\n\t\t\tLeia Mais\t\t<\/a>\n\n\t\t\t\t<\/div>\n\t\t\t\t<div class=\"elementor-post__meta-data\">\n\t\t\t\t\t<span class=\"elementor-post-date\">\n\t\t\t07\/08\/2025\t\t<\/span>\n\t\t\t\t<\/div>\n\t\t\t\t\t<\/div>\n\t\t<\/article>\n\t\t\t\t<article class=\"elementor-post elementor-grid-item post-4750 post type-post status-publish format-standard has-post-thumbnail hentry category-materias category-release\" role=\"listitem\">\n\t\t\t<div class=\"elementor-post__card\">\n\t\t\t\t<div class=\"elementor-post__text\">\n\t\t\t\t<h3 class=\"elementor-post__title\">\n\t\t\t<a href=\"https:\/\/secop.org.br\/2025\/2025\/08\/06\/do-sul-ao-nordeste-conheca-os-estados-mais-digitais-do-brasil\/\">\n\t\t\t\tDo Sul ao Nordeste: conhe\u00e7a os estados mais digitais do Brasil\t\t\t<\/a>\n\t\t<\/h3>\n\t\t\t\t<div class=\"elementor-post__excerpt\">\n\t\t\t<p>O Rio Grande do Sul \u00e9 o Piau\u00ed foram os grandes vencedores da 6\u00aa edi\u00e7\u00e3o do \u00cdndice de Oferta de Servi\u00e7os P\u00fablicos Digitais dos Governos Estaduais e Distrital (IOSPD), promovido<\/p>\n\t\t<\/div>\n\t\t\n\t\t<a class=\"elementor-post__read-more\" href=\"https:\/\/secop.org.br\/2025\/2025\/08\/06\/do-sul-ao-nordeste-conheca-os-estados-mais-digitais-do-brasil\/\" aria-label=\"Read more about Do Sul ao Nordeste: conhe\u00e7a os estados mais digitais do Brasil\" tabindex=\"-1\">\n\t\t\tLeia Mais\t\t<\/a>\n\n\t\t\t\t<\/div>\n\t\t\t\t<div class=\"elementor-post__meta-data\">\n\t\t\t\t\t<span class=\"elementor-post-date\">\n\t\t\t06\/08\/2025\t\t<\/span>\n\t\t\t\t<\/div>\n\t\t\t\t\t<\/div>\n\t\t<\/article>\n\t\t\t\t<article class=\"elementor-post elementor-grid-item post-4745 post type-post status-publish format-standard has-post-thumbnail hentry category-materias category-release\" role=\"listitem\">\n\t\t\t<div class=\"elementor-post__card\">\n\t\t\t\t<div class=\"elementor-post__text\">\n\t\t\t\t<h3 class=\"elementor-post__title\">\n\t\t\t<a href=\"https:\/\/secop.org.br\/2025\/2025\/08\/06\/abertura-do-secop-2025-reune-autoridades-e-destaca-compromisso-com-a-transformacao-digital-no-brasil\/\">\n\t\t\t\tAbertura do SECOP 2025 re\u00fane autoridades e destaca compromisso com a transforma\u00e7\u00e3o digital no Brasil\t\t\t<\/a>\n\t\t<\/h3>\n\t\t\t\t<div class=\"elementor-post__excerpt\">\n\t\t\t<p>O 52\u00ba Semin\u00e1rio Nacional de TIC para a Gest\u00e3o P\u00fablica (SECOP 2025) teve in\u00edcio nesta ter\u00e7a-feira (6), em Bras\u00edlia, com uma abertura de peso que reuniu importantes lideran\u00e7as pol\u00edticas e<\/p>\n\t\t<\/div>\n\t\t\n\t\t<a class=\"elementor-post__read-more\" href=\"https:\/\/secop.org.br\/2025\/2025\/08\/06\/abertura-do-secop-2025-reune-autoridades-e-destaca-compromisso-com-a-transformacao-digital-no-brasil\/\" aria-label=\"Read more about Abertura do SECOP 2025 re\u00fane autoridades e destaca compromisso com a transforma\u00e7\u00e3o digital no Brasil\" tabindex=\"-1\">\n\t\t\tLeia Mais\t\t<\/a>\n\n\t\t\t\t<\/div>\n\t\t\t\t<div class=\"elementor-post__meta-data\">\n\t\t\t\t\t<span class=\"elementor-post-date\">\n\t\t\t06\/08\/2025\t\t<\/span>\n\t\t\t\t<\/div>\n\t\t\t\t\t<\/div>\n\t\t<\/article>\n\t\t\t\t<article class=\"elementor-post elementor-grid-item post-4722 post type-post status-publish format-standard has-post-thumbnail hentry category-materias category-release\" role=\"listitem\">\n\t\t\t<div class=\"elementor-post__card\">\n\t\t\t\t<div class=\"elementor-post__text\">\n\t\t\t\t<h3 class=\"elementor-post__title\">\n\t\t\t<a href=\"https:\/\/secop.org.br\/2025\/2025\/07\/30\/gov-digital-2025-maior-premio-de-tic-para-a-gestao-publica-do-brasil\/\">\n\t\t\t\tGov.Digital 2025: maior pr\u00eamio de TIC para a gest\u00e3o p\u00fablica do Brasil\t\t\t<\/a>\n\t\t<\/h3>\n\t\t\t\t<div class=\"elementor-post__excerpt\">\n\t\t\t<p>Vencedores ser\u00e3o conhecidos em 7 de agosto, durante o SECOP 2025, que acontece de 6 a 7 de agosto no Centro Internacional de Conven\u00e7\u00f5es do Brasil, em Bras\u00edlia A Associa\u00e7\u00e3o<\/p>\n\t\t<\/div>\n\t\t\n\t\t<a class=\"elementor-post__read-more\" href=\"https:\/\/secop.org.br\/2025\/2025\/07\/30\/gov-digital-2025-maior-premio-de-tic-para-a-gestao-publica-do-brasil\/\" aria-label=\"Read more about Gov.Digital 2025: maior pr\u00eamio de TIC para a gest\u00e3o p\u00fablica do Brasil\" tabindex=\"-1\">\n\t\t\tLeia Mais\t\t<\/a>\n\n\t\t\t\t<\/div>\n\t\t\t\t<div class=\"elementor-post__meta-data\">\n\t\t\t\t\t<span class=\"elementor-post-date\">\n\t\t\t30\/07\/2025\t\t<\/span>\n\t\t\t\t<\/div>\n\t\t\t\t\t<\/div>\n\t\t<\/article>\n\t\t\t\t<\/div>\n\t\t\n\t\t\t\t<div class=\"e-load-more-anchor\" data-page=\"1\" data-max-page=\"6\" data-next-page=\"https:\/\/secop.org.br\/2025\/wp-json\/wp\/v2\/pages\/881\/page\/2\/\"><\/div>\n\t\t\t\t<nav class=\"elementor-pagination\" aria-label=\"Pagination\">\n\t\t\t<span class=\"page-numbers prev\">Anterior<\/span>\n<a class=\"page-numbers next\" href=\"https:\/\/secop.org.br\/2025\/wp-json\/wp\/v2\/pages\/881\/page\/2\/\">Pr\u00f3xino<\/a>\t\t<\/nav>\n\t\t\t\t\t\t<\/div>\n\t\t\t\t<\/div>\n\t\t\t\t<div class=\"elementor-element elementor-element-d816cc6 elementor-widget-divider--view-line_text elementor-widget-divider--element-align-center elementor-invisible elementor-widget elementor-widget-divider\" data-id=\"d816cc6\" data-element_type=\"widget\" data-e-type=\"widget\" data-settings=\"{&quot;_animation&quot;:&quot;fadeInLeft&quot;}\" data-widget_type=\"divider.default\">\n\t\t\t\t<div class=\"elementor-widget-container\">\n\t\t\t\t\t\t\t<div class=\"elementor-divider\">\n\t\t\t<span class=\"elementor-divider-separator\">\n\t\t\t\t\t\t\t<span class=\"elementor-divider__text elementor-divider__element\">\n\t\t\t\tFale com a Comunica\u00e7\u00e3o\t\t\t\t<\/span>\n\t\t\t\t\t\t<\/span>\n\t\t<\/div>\n\t\t\t\t\t\t<\/div>\n\t\t\t\t<\/div>\n\t\t\t\t\t<\/div>\n\t\t\t\t<\/div>\n\t\t<div class=\"elementor-element elementor-element-e2f0656 e-flex e-con-boxed e-con e-parent\" data-id=\"e2f0656\" data-element_type=\"container\" data-e-type=\"container\">\n\t\t\t\t\t<div class=\"e-con-inner\">\n\t\t<div class=\"elementor-element elementor-element-71cf0a1 e-con-full e-flex e-con e-parent\" data-id=\"71cf0a1\" data-element_type=\"container\" data-e-type=\"container\" data-settings=\"{&quot;background_background&quot;:&quot;classic&quot;}\">\n\t\t\t\t<div class=\"elementor-element elementor-element-3ee2ddc elementor-widget elementor-widget-image\" data-id=\"3ee2ddc\" data-element_type=\"widget\" data-e-type=\"widget\" data-widget_type=\"image.default\">\n\t\t\t\t<div class=\"elementor-widget-container\">\n\t\t\t\t\t\t\t\t\t\t\t\t\t\t\t<img fetchpriority=\"high\" decoding=\"async\" width=\"4724\" height=\"2628\" src=\"https:\/\/secop.org.br\/2025\/wp-content\/uploads\/2023\/06\/logo-etc-colorida.png\" class=\"attachment-full size-full wp-image-893\" alt=\"\" srcset=\"https:\/\/secop.org.br\/2025\/wp-content\/uploads\/2023\/06\/logo-etc-colorida.png 4724w, https:\/\/secop.org.br\/2025\/wp-content\/uploads\/2023\/06\/logo-etc-colorida-300x167.png 300w, https:\/\/secop.org.br\/2025\/wp-content\/uploads\/2023\/06\/logo-etc-colorida-1024x570.png 1024w, https:\/\/secop.org.br\/2025\/wp-content\/uploads\/2023\/06\/logo-etc-colorida-768x427.png 768w, https:\/\/secop.org.br\/2025\/wp-content\/uploads\/2023\/06\/logo-etc-colorida-1536x854.png 1536w, https:\/\/secop.org.br\/2025\/wp-content\/uploads\/2023\/06\/logo-etc-colorida-2048x1139.png 2048w\" sizes=\"(max-width: 4724px) 100vw, 4724px\" \/>\t\t\t\t\t\t\t\t\t\t\t\t\t\t\t<\/div>\n\t\t\t\t<\/div>\n\t\t\t\t<\/div>\n\t\t<div class=\"elementor-element elementor-element-2ec66d7 e-con-full e-flex e-con e-parent\" data-id=\"2ec66d7\" data-element_type=\"container\" data-e-type=\"container\">\n\t\t\t\t<div class=\"elementor-element elementor-element-945d9cd elementor-widget elementor-widget-text-editor\" data-id=\"945d9cd\" data-element_type=\"widget\" data-e-type=\"widget\" data-widget_type=\"text-editor.default\">\n\t\t\t\t<div class=\"elementor-widget-container\">\n\t\t\t\t\t\t\t\t\t<p><span style=\"vertical-align: inherit;\"><span style=\"vertical-align: inherit;\">Denise Margis (61) 99114-4584<\/span><\/span><\/p><p><span style=\"vertical-align: inherit;\"><span style=\"vertical-align: inherit;\">Marina Figueiredo (61) 99170-0606<\/span><\/span><\/p>\t\t\t\t\t\t\t\t<\/div>\n\t\t\t\t<\/div>\n\t\t\t\t<div class=\"elementor-element elementor-element-c30261f elementor-icon-list--layout-traditional elementor-list-item-link-full_width elementor-widget elementor-widget-icon-list\" data-id=\"c30261f\" data-element_type=\"widget\" data-e-type=\"widget\" data-widget_type=\"icon-list.default\">\n\t\t\t\t<div class=\"elementor-widget-container\">\n\t\t\t\t\t\t\t<ul class=\"elementor-icon-list-items\">\n\t\t\t\t\t\t\t<li class=\"elementor-icon-list-item\">\n\t\t\t\t\t\t\t\t\t\t\t<a href=\"mailto:comunicacao@abep-tic.org.br\">\n\n\t\t\t\t\t\t\t\t\t\t\t\t<span class=\"elementor-icon-list-icon\">\n\t\t\t\t\t\t\t<i aria-hidden=\"true\" class=\"far fa-envelope\"><\/i>\t\t\t\t\t\t<\/span>\n\t\t\t\t\t\t\t\t\t\t<span class=\"elementor-icon-list-text\">comunicacao@abep-tic.org.br<\/span>\n\t\t\t\t\t\t\t\t\t\t\t<\/a>\n\t\t\t\t\t\t\t\t\t<\/li>\n\t\t\t\t\t\t\t\t<li class=\"elementor-icon-list-item\">\n\t\t\t\t\t\t\t\t\t\t\t<a href=\"mailto:contato@etccomunica.com.br\">\n\n\t\t\t\t\t\t\t\t\t\t\t\t<span class=\"elementor-icon-list-icon\">\n\t\t\t\t\t\t\t<i aria-hidden=\"true\" class=\"far fa-envelope\"><\/i>\t\t\t\t\t\t<\/span>\n\t\t\t\t\t\t\t\t\t\t<span class=\"elementor-icon-list-text\">contato@etccomunica.com.br<\/span>\n\t\t\t\t\t\t\t\t\t\t\t<\/a>\n\t\t\t\t\t\t\t\t\t<\/li>\n\t\t\t\t\t\t<\/ul>\n\t\t\t\t\t\t<\/div>\n\t\t\t\t<\/div>\n\t\t\t\t<\/div>\n\t\t\t\t\t<\/div>\n\t\t\t\t<\/div>\n\t\t<div class=\"elementor-element elementor-element-ba627e1 e-flex e-con-boxed e-con e-parent\" data-id=\"ba627e1\" data-element_type=\"container\" data-e-type=\"container\">\n\t\t\t\t\t<div class=\"e-con-inner\">\n\t\t\t\t\t<\/div>\n\t\t\t\t<\/div>\n\t\t\t\t<\/div>\n\t\t","protected":false},"excerpt":{"rendered":"<p>IMPRENSA Releases Fale com a Comunica\u00e7\u00e3o Denise Margis (61) 99114-4584 Marina Figueiredo (61) 99170-0606 comunicacao@abep-tic.org.br contato@etccomunica.com.br<\/p>\n","protected":false},"author":1,"featured_media":0,"parent":0,"menu_order":0,"comment_status":"closed","ping_status":"closed","template":"","meta":{"_eb_attr":"","footnotes":""},"class_list":["post-881","page","type-page","status-publish","hentry"],"_links":{"self":[{"href":"https:\/\/secop.org.br\/2025\/wp-json\/wp\/v2\/pages\/881","targetHints":{"allow":["GET"]}}],"collection":[{"href":"https:\/\/secop.org.br\/2025\/wp-json\/wp\/v2\/pages"}],"about":[{"href":"https:\/\/secop.org.br\/2025\/wp-json\/wp\/v2\/types\/page"}],"author":[{"embeddable":true,"href":"https:\/\/secop.org.br\/2025\/wp-json\/wp\/v2\/users\/1"}],"replies":[{"embeddable":true,"href":"https:\/\/secop.org.br\/2025\/wp-json\/wp\/v2\/comments?post=881"}],"version-history":[{"count":17,"href":"https:\/\/secop.org.br\/2025\/wp-json\/wp\/v2\/pages\/881\/revisions"}],"predecessor-version":[{"id":1196,"href":"https:\/\/secop.org.br\/2025\/wp-json\/wp\/v2\/pages\/881\/revisions\/1196"}],"wp:attachment":[{"href":"https:\/\/secop.org.br\/2025\/wp-json\/wp\/v2\/media?parent=881"}],"curies":[{"name":"wp","href":"https:\/\/api.w.org\/{rel}","templated":true}]}}