{"id":881,"date":"2023-06-21T19:50:11","date_gmt":"2023-06-21T19:50:11","guid":{"rendered":"https:\/\/secop.org.br\/secop2023\/?page_id=881"},"modified":"2023-08-16T21:43:35","modified_gmt":"2023-08-16T21:43:35","slug":"imprensa","status":"publish","type":"page","link":"https:\/\/secop.org.br\/secop2023\/imprensa\/","title":{"rendered":"Imprensa"},"content":{"rendered":"\t\t<div data-elementor-type=\"wp-page\" data-elementor-id=\"881\" class=\"elementor elementor-881\" data-elementor-post-type=\"page\">\n\t\t\t\t<div class=\"elementor-element elementor-element-0272333 e-con-full e-flex e-con e-parent\" data-id=\"0272333\" data-element_type=\"container\" data-settings=\"{&quot;background_background&quot;:&quot;classic&quot;}\">\n\t\t\t\t<div class=\"elementor-element elementor-element-346a5e5 elementor-widget-divider--view-line elementor-invisible elementor-widget elementor-widget-divider\" data-id=\"346a5e5\" data-element_type=\"widget\" data-settings=\"{&quot;_animation&quot;:&quot;bounceInLeft&quot;,&quot;_animation_delay&quot;:1250}\" data-widget_type=\"divider.default\">\n\t\t\t\t<div class=\"elementor-widget-container\">\n\t\t\t\t\t\t\t<div class=\"elementor-divider\">\n\t\t\t<span class=\"elementor-divider-separator\">\n\t\t\t\t\t\t<\/span>\n\t\t<\/div>\n\t\t\t\t\t\t<\/div>\n\t\t\t\t<\/div>\n\t\t\t\t<div class=\"elementor-element elementor-element-8b02f40 elementor-invisible elementor-widget elementor-widget-heading\" data-id=\"8b02f40\" data-element_type=\"widget\" data-settings=\"{&quot;_animation&quot;:&quot;fadeInLeft&quot;}\" data-widget_type=\"heading.default\">\n\t\t\t\t<div class=\"elementor-widget-container\">\n\t\t\t\t\t<h2 class=\"elementor-heading-title elementor-size-default\">IMPRENSA<\/h2>\t\t\t\t<\/div>\n\t\t\t\t<\/div>\n\t\t\t\t<\/div>\n\t\t<div class=\"elementor-element elementor-element-9010a7c e-flex e-con-boxed e-con e-parent\" data-id=\"9010a7c\" data-element_type=\"container\" id=\"brasilia\">\n\t\t\t\t\t<div class=\"e-con-inner\">\n\t\t\t\t<div class=\"elementor-element elementor-element-255a82b elementor-widget-divider--view-line_text elementor-widget-divider--element-align-center elementor-invisible elementor-widget elementor-widget-divider\" data-id=\"255a82b\" data-element_type=\"widget\" data-settings=\"{&quot;_animation&quot;:&quot;fadeInLeft&quot;}\" data-widget_type=\"divider.default\">\n\t\t\t\t<div class=\"elementor-widget-container\">\n\t\t\t\t\t\t\t<div class=\"elementor-divider\">\n\t\t\t<span class=\"elementor-divider-separator\">\n\t\t\t\t\t\t\t<span class=\"elementor-divider__text elementor-divider__element\">\n\t\t\t\tReleases\t\t\t\t<\/span>\n\t\t\t\t\t\t<\/span>\n\t\t<\/div>\n\t\t\t\t\t\t<\/div>\n\t\t\t\t<\/div>\n\t\t\t\t<div class=\"elementor-element elementor-element-1dfa6b7 elementor-posts--thumbnail-none elementor-grid-3 elementor-grid-tablet-2 elementor-grid-mobile-1 elementor-card-shadow-yes elementor-posts__hover-gradient elementor-widget elementor-widget-posts\" data-id=\"1dfa6b7\" data-element_type=\"widget\" data-settings=\"{&quot;pagination_type&quot;:&quot;prev_next&quot;,&quot;cards_columns&quot;:&quot;3&quot;,&quot;cards_columns_tablet&quot;:&quot;2&quot;,&quot;cards_columns_mobile&quot;:&quot;1&quot;,&quot;cards_row_gap&quot;:{&quot;unit&quot;:&quot;px&quot;,&quot;size&quot;:35,&quot;sizes&quot;:[]},&quot;cards_row_gap_tablet&quot;:{&quot;unit&quot;:&quot;px&quot;,&quot;size&quot;:&quot;&quot;,&quot;sizes&quot;:[]},&quot;cards_row_gap_mobile&quot;:{&quot;unit&quot;:&quot;px&quot;,&quot;size&quot;:&quot;&quot;,&quot;sizes&quot;:[]}}\" data-widget_type=\"posts.cards\">\n\t\t\t\t<div class=\"elementor-widget-container\">\n\t\t\t\t\t\t\t<div class=\"elementor-posts-container elementor-posts elementor-posts--skin-cards elementor-grid\">\n\t\t\t\t<article class=\"elementor-post elementor-grid-item post-2118 post type-post status-publish format-standard has-post-thumbnail hentry category-materias category-release\">\n\t\t\t<div class=\"elementor-post__card\">\n\t\t\t\t<div class=\"elementor-post__text\">\n\t\t\t\t<h3 class=\"elementor-post__title\">\n\t\t\t<a href=\"https:\/\/secop.org.br\/secop2023\/2023\/08\/25\/flavio-rodrigues-fala-sobre-premio-gov-digital\/\" >\n\t\t\t\tFl\u00e1vio Rodrigues fala sobre Pr\u00eamio Gov.Digital\t\t\t<\/a>\n\t\t<\/h3>\n\t\t\t\t<div class=\"elementor-post__excerpt\">\n\t\t\t<p>Fl\u00e1vio Rodrigues, presidente executivo da ABEP-TIC, \u00e9 tamb\u00e9m presidente do PRODERJ\/RJ, estado vencedor em tr\u00eas categorias do Pr\u00eamio Gov.Digital. &#8220;Hoje \u00e9 um dia de muita alegria para a tecnologia do<\/p>\n\t\t<\/div>\n\t\t\n\t\t<a class=\"elementor-post__read-more\" href=\"https:\/\/secop.org.br\/secop2023\/2023\/08\/25\/flavio-rodrigues-fala-sobre-premio-gov-digital\/\" aria-label=\"Read more about Fl\u00e1vio Rodrigues fala sobre Pr\u00eamio Gov.Digital\" tabindex=\"-1\" >\n\t\t\tLeia Mais\t\t<\/a>\n\n\t\t\t\t<\/div>\n\t\t\t\t<div class=\"elementor-post__meta-data\">\n\t\t\t\t\t<span class=\"elementor-post-date\">\n\t\t\t25\/08\/2023\t\t<\/span>\n\t\t\t\t<\/div>\n\t\t\t\t\t<\/div>\n\t\t<\/article>\n\t\t\t\t<article class=\"elementor-post elementor-grid-item post-2115 post type-post status-publish format-standard has-post-thumbnail hentry category-materias category-release\">\n\t\t\t<div class=\"elementor-post__card\">\n\t\t\t\t<div class=\"elementor-post__text\">\n\t\t\t\t<h3 class=\"elementor-post__title\">\n\t\t\t<a href=\"https:\/\/secop.org.br\/secop2023\/2023\/08\/25\/rio-de-janeiro-ganha-premio-gov-digital-em-tres-categorias\/\" >\n\t\t\t\tRio de Janeiro ganha Pr\u00eamio Gov.Digital em tr\u00eas categorias\t\t\t<\/a>\n\t\t<\/h3>\n\t\t\t\t<div class=\"elementor-post__excerpt\">\n\t\t\t<p>O Secret\u00e1rio de Transforma\u00e7\u00e3o Digital do Rio de Janeiro, Mauro Farias, recebeu, em nome do Estado, tr\u00eas premia\u00e7\u00f5es distintas do Pr\u00eamio Gov.Digital, durante o 50\u00ba SECOP, maior encontro de TIC<\/p>\n\t\t<\/div>\n\t\t\n\t\t<a class=\"elementor-post__read-more\" href=\"https:\/\/secop.org.br\/secop2023\/2023\/08\/25\/rio-de-janeiro-ganha-premio-gov-digital-em-tres-categorias\/\" aria-label=\"Read more about Rio de Janeiro ganha Pr\u00eamio Gov.Digital em tr\u00eas categorias\" tabindex=\"-1\" >\n\t\t\tLeia Mais\t\t<\/a>\n\n\t\t\t\t<\/div>\n\t\t\t\t<div class=\"elementor-post__meta-data\">\n\t\t\t\t\t<span class=\"elementor-post-date\">\n\t\t\t25\/08\/2023\t\t<\/span>\n\t\t\t\t<\/div>\n\t\t\t\t\t<\/div>\n\t\t<\/article>\n\t\t\t\t<article class=\"elementor-post elementor-grid-item post-2112 post type-post status-publish format-standard has-post-thumbnail hentry category-materias category-release\">\n\t\t\t<div class=\"elementor-post__card\">\n\t\t\t\t<div class=\"elementor-post__text\">\n\t\t\t\t<h3 class=\"elementor-post__title\">\n\t\t\t<a href=\"https:\/\/secop.org.br\/secop2023\/2023\/08\/25\/defensoria-publica-de-sp-e-uma-das-ganhadoras-do-premio-gov-digital\/\" >\n\t\t\t\tDefensoria P\u00fablica de SP \u00e9 uma das ganhadoras do Pr\u00eamio Gov.Digital\t\t\t<\/a>\n\t\t<\/h3>\n\t\t\t\t<div class=\"elementor-post__excerpt\">\n\t\t\t<p>A Defensoria P\u00fablica do Estado de S\u00e3o Paulo foi uma das institui\u00e7\u00f5es p\u00fablicas premiadas no SECOP 2023, com o Pr\u00eamio Gov.Digital. Com o projeto \u201cDigitaliza\u00e7\u00e3o da Presta\u00e7\u00e3o da Assist\u00eancia Jur\u00eddica:<\/p>\n\t\t<\/div>\n\t\t\n\t\t<a class=\"elementor-post__read-more\" href=\"https:\/\/secop.org.br\/secop2023\/2023\/08\/25\/defensoria-publica-de-sp-e-uma-das-ganhadoras-do-premio-gov-digital\/\" aria-label=\"Read more about Defensoria P\u00fablica de SP \u00e9 uma das ganhadoras do Pr\u00eamio Gov.Digital\" tabindex=\"-1\" >\n\t\t\tLeia Mais\t\t<\/a>\n\n\t\t\t\t<\/div>\n\t\t\t\t<div class=\"elementor-post__meta-data\">\n\t\t\t\t\t<span class=\"elementor-post-date\">\n\t\t\t25\/08\/2023\t\t<\/span>\n\t\t\t\t<\/div>\n\t\t\t\t\t<\/div>\n\t\t<\/article>\n\t\t\t\t<article class=\"elementor-post elementor-grid-item post-2106 post type-post status-publish format-standard has-post-thumbnail hentry category-materias category-release\">\n\t\t\t<div class=\"elementor-post__card\">\n\t\t\t\t<div class=\"elementor-post__text\">\n\t\t\t\t<h3 class=\"elementor-post__title\">\n\t\t\t<a href=\"https:\/\/secop.org.br\/secop2023\/2023\/08\/25\/cleberson-gomes-da-mti-mt-fala-sobre-premio-gov-digital\/\" >\n\t\t\t\tMato Grosso se destaca em especial do Pr\u00eamio Gov.Digital\t\t\t<\/a>\n\t\t<\/h3>\n\t\t\t\t<div class=\"elementor-post__excerpt\">\n\t\t\t<p>A solenidade de premia\u00e7\u00e3o do Pr\u00eamio Gov.Digital foi um dos pontos altos do SECOP 2023. Na ocasi\u00e3o, o estado de Mato Grosso foi premiado em duas categorias: Melhor solu\u00e7\u00e3o de<\/p>\n\t\t<\/div>\n\t\t\n\t\t<a class=\"elementor-post__read-more\" href=\"https:\/\/secop.org.br\/secop2023\/2023\/08\/25\/cleberson-gomes-da-mti-mt-fala-sobre-premio-gov-digital\/\" aria-label=\"Read more about Mato Grosso se destaca em especial do Pr\u00eamio Gov.Digital\" tabindex=\"-1\" >\n\t\t\tLeia Mais\t\t<\/a>\n\n\t\t\t\t<\/div>\n\t\t\t\t<div class=\"elementor-post__meta-data\">\n\t\t\t\t\t<span class=\"elementor-post-date\">\n\t\t\t25\/08\/2023\t\t<\/span>\n\t\t\t\t<\/div>\n\t\t\t\t\t<\/div>\n\t\t<\/article>\n\t\t\t\t<article class=\"elementor-post elementor-grid-item post-2095 post type-post status-publish format-standard has-post-thumbnail hentry category-materias category-release\">\n\t\t\t<div class=\"elementor-post__card\">\n\t\t\t\t<div class=\"elementor-post__text\">\n\t\t\t\t<h3 class=\"elementor-post__title\">\n\t\t\t<a href=\"https:\/\/secop.org.br\/secop2023\/2023\/08\/25\/conheca-os-vencedores-do-premio-gov-digital\/\" >\n\t\t\t\tConhe\u00e7a os vencedores do Pr\u00eamio Gov.Digital\t\t\t<\/a>\n\t\t<\/h3>\n\t\t\t\t<div class=\"elementor-post__excerpt\">\n\t\t\t<p>Rio de Janeiro, Minas Gerais, Mato Grosso e S\u00e3o Paulo se destacaram no desenvolvimento de projetos e solu\u00e7\u00f5es de governo digital nas administra\u00e7\u00f5es p\u00fablicas e foram premiados na edi\u00e7\u00e3o de<\/p>\n\t\t<\/div>\n\t\t\n\t\t<a class=\"elementor-post__read-more\" href=\"https:\/\/secop.org.br\/secop2023\/2023\/08\/25\/conheca-os-vencedores-do-premio-gov-digital\/\" aria-label=\"Read more about Conhe\u00e7a os vencedores do Pr\u00eamio Gov.Digital\" tabindex=\"-1\" >\n\t\t\tLeia Mais\t\t<\/a>\n\n\t\t\t\t<\/div>\n\t\t\t\t<div class=\"elementor-post__meta-data\">\n\t\t\t\t\t<span class=\"elementor-post-date\">\n\t\t\t25\/08\/2023\t\t<\/span>\n\t\t\t\t<\/div>\n\t\t\t\t\t<\/div>\n\t\t<\/article>\n\t\t\t\t<article class=\"elementor-post elementor-grid-item post-2047 post type-post status-publish format-standard has-post-thumbnail hentry category-materias category-release\">\n\t\t\t<div class=\"elementor-post__card\">\n\t\t\t\t<div class=\"elementor-post__text\">\n\t\t\t\t<h3 class=\"elementor-post__title\">\n\t\t\t<a href=\"https:\/\/secop.org.br\/secop2023\/2023\/08\/24\/lincoln-nunes-destaca-oportunidades-do-secop-2023\/\" >\n\t\t\t\tLincoln Nunes destaca oportunidades do SECOP 2023\t\t\t<\/a>\n\t\t<\/h3>\n\t\t\t\t<div class=\"elementor-post__excerpt\">\n\t\t\t<p>O atual Presidente do Conselho de Associadas da ABEP-TIC, Lincoln Nunes, fala das in\u00fameras oportunidades que o SECOP 2023 oferece \u00e0s Prods e aos gestores de TIC de todo o<\/p>\n\t\t<\/div>\n\t\t\n\t\t<a class=\"elementor-post__read-more\" href=\"https:\/\/secop.org.br\/secop2023\/2023\/08\/24\/lincoln-nunes-destaca-oportunidades-do-secop-2023\/\" aria-label=\"Read more about Lincoln Nunes destaca oportunidades do SECOP 2023\" tabindex=\"-1\" >\n\t\t\tLeia Mais\t\t<\/a>\n\n\t\t\t\t<\/div>\n\t\t\t\t<div class=\"elementor-post__meta-data\">\n\t\t\t\t\t<span class=\"elementor-post-date\">\n\t\t\t24\/08\/2023\t\t<\/span>\n\t\t\t\t<\/div>\n\t\t\t\t\t<\/div>\n\t\t<\/article>\n\t\t\t\t<\/div>\n\t\t\n\t\t\t\t<div class=\"e-load-more-anchor\" data-page=\"1\" data-max-page=\"2\" data-next-page=\"https:\/\/secop.org.br\/secop2023\/wp-json\/wp\/v2\/pages\/881\/page\/2\/\"><\/div>\n\t\t\t\t<nav class=\"elementor-pagination\" aria-label=\"Pagination\">\n\t\t\t<span class=\"page-numbers prev\">Anterior<\/span>\n<a class=\"page-numbers next\" href=\"https:\/\/secop.org.br\/secop2023\/wp-json\/wp\/v2\/pages\/881\/page\/2\/\">Pr\u00f3xino<\/a>\t\t<\/nav>\n\t\t\t\t\t\t<\/div>\n\t\t\t\t<\/div>\n\t\t\t\t<div class=\"elementor-element elementor-element-d816cc6 elementor-widget-divider--view-line_text elementor-widget-divider--element-align-center elementor-invisible elementor-widget elementor-widget-divider\" data-id=\"d816cc6\" data-element_type=\"widget\" data-settings=\"{&quot;_animation&quot;:&quot;fadeInLeft&quot;}\" data-widget_type=\"divider.default\">\n\t\t\t\t<div class=\"elementor-widget-container\">\n\t\t\t\t\t\t\t<div class=\"elementor-divider\">\n\t\t\t<span class=\"elementor-divider-separator\">\n\t\t\t\t\t\t\t<span class=\"elementor-divider__text elementor-divider__element\">\n\t\t\t\tFale com a Comunica\u00e7\u00e3o\t\t\t\t<\/span>\n\t\t\t\t\t\t<\/span>\n\t\t<\/div>\n\t\t\t\t\t\t<\/div>\n\t\t\t\t<\/div>\n\t\t\t\t\t<\/div>\n\t\t\t\t<\/div>\n\t\t<div class=\"elementor-element elementor-element-e2f0656 e-flex e-con-boxed e-con e-parent\" data-id=\"e2f0656\" data-element_type=\"container\">\n\t\t\t\t\t<div class=\"e-con-inner\">\n\t\t<div class=\"elementor-element elementor-element-71cf0a1 e-con-full e-flex e-con e-parent\" data-id=\"71cf0a1\" data-element_type=\"container\" data-settings=\"{&quot;background_background&quot;:&quot;classic&quot;}\">\n\t\t\t\t<div class=\"elementor-element elementor-element-3ee2ddc elementor-widget elementor-widget-image\" data-id=\"3ee2ddc\" data-element_type=\"widget\" data-widget_type=\"image.default\">\n\t\t\t\t<div class=\"elementor-widget-container\">\n\t\t\t\t\t\t\t\t\t\t\t\t\t\t\t<img fetchpriority=\"high\" decoding=\"async\" width=\"4724\" height=\"2628\" src=\"https:\/\/secop.org.br\/secop2023\/wp-content\/uploads\/2023\/06\/logo-etc-colorida.png\" class=\"attachment-full size-full wp-image-893\" alt=\"\" srcset=\"https:\/\/secop.org.br\/secop2023\/wp-content\/uploads\/2023\/06\/logo-etc-colorida.png 4724w, https:\/\/secop.org.br\/secop2023\/wp-content\/uploads\/2023\/06\/logo-etc-colorida-300x167.png 300w, https:\/\/secop.org.br\/secop2023\/wp-content\/uploads\/2023\/06\/logo-etc-colorida-1024x570.png 1024w, https:\/\/secop.org.br\/secop2023\/wp-content\/uploads\/2023\/06\/logo-etc-colorida-768x427.png 768w, https:\/\/secop.org.br\/secop2023\/wp-content\/uploads\/2023\/06\/logo-etc-colorida-1536x854.png 1536w, https:\/\/secop.org.br\/secop2023\/wp-content\/uploads\/2023\/06\/logo-etc-colorida-2048x1139.png 2048w\" sizes=\"(max-width: 4724px) 100vw, 4724px\" \/>\t\t\t\t\t\t\t\t\t\t\t\t\t\t\t<\/div>\n\t\t\t\t<\/div>\n\t\t\t\t<\/div>\n\t\t<div class=\"elementor-element elementor-element-2ec66d7 e-con-full e-flex e-con e-parent\" data-id=\"2ec66d7\" data-element_type=\"container\">\n\t\t\t\t<div class=\"elementor-element elementor-element-945d9cd elementor-widget elementor-widget-text-editor\" data-id=\"945d9cd\" data-element_type=\"widget\" data-widget_type=\"text-editor.default\">\n\t\t\t\t<div class=\"elementor-widget-container\">\n\t\t\t\t\t\t\t\t\t<p><span style=\"vertical-align: inherit;\"><span style=\"vertical-align: inherit;\">Denise Margis (61) 99114-4584<\/span><\/span><\/p><p><span style=\"vertical-align: inherit;\"><span style=\"vertical-align: inherit;\">Marina Figueiredo (61) 99170-0606<\/span><\/span><\/p>\t\t\t\t\t\t\t\t<\/div>\n\t\t\t\t<\/div>\n\t\t\t\t<div class=\"elementor-element elementor-element-c30261f elementor-icon-list--layout-traditional elementor-list-item-link-full_width elementor-widget elementor-widget-icon-list\" data-id=\"c30261f\" data-element_type=\"widget\" data-widget_type=\"icon-list.default\">\n\t\t\t\t<div class=\"elementor-widget-container\">\n\t\t\t\t\t\t\t<ul class=\"elementor-icon-list-items\">\n\t\t\t\t\t\t\t<li class=\"elementor-icon-list-item\">\n\t\t\t\t\t\t\t\t\t\t\t<a href=\"mailto:comunicacao@abep-tic.org.br\">\n\n\t\t\t\t\t\t\t\t\t\t\t\t<span class=\"elementor-icon-list-icon\">\n\t\t\t\t\t\t\t<i aria-hidden=\"true\" class=\"far fa-envelope\"><\/i>\t\t\t\t\t\t<\/span>\n\t\t\t\t\t\t\t\t\t\t<span class=\"elementor-icon-list-text\">comunicacao@abep-tic.org.br<\/span>\n\t\t\t\t\t\t\t\t\t\t\t<\/a>\n\t\t\t\t\t\t\t\t\t<\/li>\n\t\t\t\t\t\t\t\t<li class=\"elementor-icon-list-item\">\n\t\t\t\t\t\t\t\t\t\t\t<a href=\"mailto:contato@etccomunica.com.br\">\n\n\t\t\t\t\t\t\t\t\t\t\t\t<span class=\"elementor-icon-list-icon\">\n\t\t\t\t\t\t\t<i aria-hidden=\"true\" class=\"far fa-envelope\"><\/i>\t\t\t\t\t\t<\/span>\n\t\t\t\t\t\t\t\t\t\t<span class=\"elementor-icon-list-text\">contato@etccomunica.com.br<\/span>\n\t\t\t\t\t\t\t\t\t\t\t<\/a>\n\t\t\t\t\t\t\t\t\t<\/li>\n\t\t\t\t\t\t<\/ul>\n\t\t\t\t\t\t<\/div>\n\t\t\t\t<\/div>\n\t\t\t\t<\/div>\n\t\t\t\t\t<\/div>\n\t\t\t\t<\/div>\n\t\t<div class=\"elementor-element elementor-element-ba627e1 e-flex e-con-boxed e-con e-parent\" data-id=\"ba627e1\" data-element_type=\"container\">\n\t\t\t\t\t<div class=\"e-con-inner\">\n\t\t\t\t\t<\/div>\n\t\t\t\t<\/div>\n\t\t\t\t<\/div>\n\t\t","protected":false},"excerpt":{"rendered":"<p>IMPRENSA Releases Fale com a Comunica\u00e7\u00e3o Denise Margis (61) 99114-4584 Marina Figueiredo (61) 99170-0606 comunicacao@abep-tic.org.br contato@etccomunica.com.br<\/p>\n","protected":false},"author":1,"featured_media":0,"parent":0,"menu_order":0,"comment_status":"closed","ping_status":"closed","template":"","meta":{"_eb_attr":"","footnotes":""},"class_list":["post-881","page","type-page","status-publish","hentry"],"_links":{"self":[{"href":"https:\/\/secop.org.br\/secop2023\/wp-json\/wp\/v2\/pages\/881","targetHints":{"allow":["GET"]}}],"collection":[{"href":"https:\/\/secop.org.br\/secop2023\/wp-json\/wp\/v2\/pages"}],"about":[{"href":"https:\/\/secop.org.br\/secop2023\/wp-json\/wp\/v2\/types\/page"}],"author":[{"embeddable":true,"href":"https:\/\/secop.org.br\/secop2023\/wp-json\/wp\/v2\/users\/1"}],"replies":[{"embeddable":true,"href":"https:\/\/secop.org.br\/secop2023\/wp-json\/wp\/v2\/comments?post=881"}],"version-history":[{"count":17,"href":"https:\/\/secop.org.br\/secop2023\/wp-json\/wp\/v2\/pages\/881\/revisions"}],"predecessor-version":[{"id":1196,"href":"https:\/\/secop.org.br\/secop2023\/wp-json\/wp\/v2\/pages\/881\/revisions\/1196"}],"wp:attachment":[{"href":"https:\/\/secop.org.br\/secop2023\/wp-json\/wp\/v2\/media?parent=881"}],"curies":[{"name":"wp","href":"https:\/\/api.w.org\/{rel}","templated":true}]}}